{"id":312,"date":"2020-06-26T13:33:40","date_gmt":"2020-06-26T11:33:40","guid":{"rendered":"https:\/\/www.teouty.com\/?page_id=312"},"modified":"2022-02-14T18:26:01","modified_gmt":"2022-02-14T17:26:01","slug":"psychotherapie-pranique","status":"publish","type":"page","link":"https:\/\/www.teouty.com\/?page_id=312","title":{"rendered":"Psychoth\u00e9rapie Pranique"},"content":{"rendered":"\n<h3 class=\"wp-block-heading\">Qu&rsquo;est-ce que c&rsquo;est ?<\/h3>\n\n\n\n<p>La psychoth\u00e9rapie pranique est un <strong>puissant outil<\/strong> dans le traitement des troubles psychologiques. Technique avanc\u00e9e, elle peut \u00eatre utilis\u00e9e pour traiter les chakras en compl\u00e9ment de la psychologie clinique et la psychiatrie moderne.<\/p>\n\n\n\n<div class=\"wp-block-media-text alignwide is-stacked-on-mobile is-image-fill\"><figure class=\"wp-block-media-text__media\" style=\"background-image:url(https:\/\/www.teouty.com\/wp-content\/uploads\/2020\/05\/wellness-285590_1280-1024x682.jpg);background-position:50% 50%\"><img decoding=\"async\" src=\"data:image\/gif;base64,R0lGODlhAQABAAAAACH5BAEKAAEALAAAAAABAAEAAAICTAEAOw==\" data-layzr=\"https:\/\/www.teouty.com\/wp-content\/uploads\/2020\/05\/wellness-285590_1280-1024x682.jpg\" alt=\"\" class=\"wp-image-106 size-full\"\/><\/figure><div class=\"wp-block-media-text__content\">\n<p>La psychoth\u00e9rapie pranique permet de <strong>traiter les troubles \u00e9motionnels<\/strong> et <strong>psychiques<\/strong> gr\u00e2ce au prana ou \u00e9nergie vitale. <\/p>\n\n\n\n<p>Chacun individu poss\u00e8de son syst\u00e8me de pens\u00e9es, de croyances limitantes, de n\u00e9vroses ou <strong>m\u00e9moires traumatiques<\/strong> qui dictent les comportements. Le souci majeur est que le plus souvent les m\u00eames sch\u00e9mas se r\u00e9p\u00e8tent inlassablement sans que l&rsquo;humain puisse s&rsquo;en \u00e9chapper. <\/p>\n\n\n\n<p>Parfois il s&rsquo;agit de douleurs et <strong>blessures \u00e9motionnelles<\/strong> qui ont du mal \u00e0 gu\u00e9rir et rentrent en conflit avec nos besoins personnels et l&rsquo;estime de soi. Ce sont autant de <strong>facteurs psychologiques<\/strong> qui agissent in fine sur le corps physique. De la m\u00eame fa\u00e7on qu&rsquo;il est prouv\u00e9 que notre alimentation affecte notre sant\u00e9, c&rsquo;est scientifiquement prouv\u00e9 que <strong>nos pens\u00e9es et nos \u00e9motions l&rsquo;affectent<\/strong> <strong>\u00e9galement<\/strong>. Si de plus elles sont n\u00e9gatives et ressass\u00e9es \u00e0 la longue, imaginez les d\u00e9g\u00e2ts sur la sant\u00e9. Traiter ces traumatismes sur le plan \u00e9nerg\u00e9tique, c&rsquo;est le but de la psychoth\u00e9rapie pranique.<\/p>\n<\/div><\/div>\n\n\n\n<div style=\"height:1px\" aria-hidden=\"true\" class=\"wp-block-spacer\"><\/div>\n\n\n\n<h3 class=\"wp-block-heading\">Comment cela fonctionne ?<\/h3>\n\n\n\n<div class=\"wp-block-media-text alignwide has-media-on-the-right is-stacked-on-mobile is-image-fill\"><figure class=\"wp-block-media-text__media\" style=\"background-image:url(https:\/\/www.teouty.com\/wp-content\/uploads\/2020\/05\/reiki-4133336_640.png);background-position:50% 50%\"><img decoding=\"async\" src=\"data:image\/gif;base64,R0lGODlhAQABAAAAACH5BAEKAAEALAAAAAABAAEAAAICTAEAOw==\" data-layzr=\"https:\/\/www.teouty.com\/wp-content\/uploads\/2020\/05\/reiki-4133336_640.png\" alt=\"\" class=\"wp-image-91 size-full\"\/><\/figure><div class=\"wp-block-media-text__content\">\n<p class=\"has-normal-font-size\">La psychoth\u00e9rapie pranique peut \u00eatre utilis\u00e9e pour le traitement de presque tous les d\u00e9sordres mentaux et surtout en <strong>compl\u00e9ment de traitement en psychiatrie<\/strong>. <\/p>\n\n\n\n<p class=\"has-normal-font-size\">Nous nous basons sur la nature occulte de l&rsquo;Homme qui est ternaire c&rsquo;est-\u00e0-dire \u00e0 la fois corps, \u00e2me et esprit. Les traditions \u00e9sot\u00e9riques enseignent de mani\u00e8re simplifi\u00e9e que l&rsquo;\u00eatre humain poss\u00e8de un corps physique, un corps astral encore appel\u00e9 <strong>corps \u00e9motionnel<\/strong>, et un <strong>corps mental<\/strong>. En r\u00e9alit\u00e9, il en poss\u00e8de d&rsquo;autres plus subtils mais pour simplifier, retenez seulement ces trois l\u00e0.Le corps physique poss\u00e8de son double \u00e9th\u00e9rique qu&rsquo;on appelle <strong>corps \u00e9nerg\u00e9tique<\/strong>. <\/p>\n\n\n\n<p class=\"has-normal-font-size\">Ce corps \u00e9nerg\u00e9tique poss\u00e8de des centres d&rsquo;\u00e9nergies, les chakras et \u00e9met un champ \u00e9nerg\u00e9tique appel\u00e9 \u00ab\u00a0l&rsquo;aura\u00a0\u00bb.<\/p>\n\n\n\n<p>Le <strong>corps \u00e9motionnel<\/strong> comme son nom l&rsquo;indique g\u00e8re nos \u00e9motions et le <strong>corps mental<\/strong> est le si\u00e8ge de nos pens\u00e9es. Mais tout est imbriqu\u00e9 de sorte que toute pens\u00e9e ou \u00e9motion n\u00e9gative, tout traumatisme non trait\u00e9, s&rsquo;accumule dans l&rsquo;aura et l&rsquo;\u00e9nergie sale est enregistr\u00e9e dans les chakras affect\u00e9s.<\/p>\n\n\n\n<p>La <strong>col\u00e8re<\/strong> ou le <strong>stress<\/strong> par exemple affecte le chakra du <strong>plexus solaire<\/strong>. Une mauvaise estime de soi affectera le <strong>chakra du coeur<\/strong> et le chakra de base, poussant dans le pire des cas certaines personnes \u00e0 des tendances suicidaires.<\/p>\n<\/div><\/div>\n\n\n\n<div style=\"height:11px\" aria-hidden=\"true\" class=\"wp-block-spacer\"><\/div>\n\n\n\n<p>La psychoth\u00e9rapie pranique utilise aussi les techniques de gu\u00e9rison pranique pour traiter l&rsquo;aura et la nettoyer. C&rsquo;est un v\u00e9ritable outil pr\u00e9ventif de d\u00e9contamination psychique. <\/p>\n\n\n\n<p>Notre environnement au travail ou \u00e0 domicile peut \u00eatre pollu\u00e9 par ce qu&rsquo;on d\u00e9signe commun\u00e9ment par des \u00ab\u00a0ondes n\u00e9gatives\u00a0\u00bb. Or une onde est avant tout une \u00e9nergie et ce qui est \u00e9nergie est vivant. Nos <strong>pens\u00e9es<\/strong> et nos <strong>\u00e9motions<\/strong> sont des <strong>\u00e9nergies<\/strong> : ce sont de v\u00e9ritables <strong>entit\u00e9s psychiques<\/strong>. Ce n&rsquo;est pas un hasard si les cours et la litt\u00e9rature sur le d\u00e9veloppement personnel insiste sur la pens\u00e9e positive et juste. C&rsquo;est \u00e0 cause de leur effet positif sur nous. C&rsquo;est r\u00e9el et vous pouvez le v\u00e9rifier. Faites l&rsquo;exp\u00e9rience.<\/p>\n\n\n\n<p class=\"has-normal-font-size\">L&rsquo; erreur fondamentale dans la conception occidentale est de s&rsquo;identifier \u00e0 ses pens\u00e9es et \u00e0 ses \u00e9motions. <strong>Nous ne sommes pas nos \u00e9motions <\/strong>et <strong>nous ne sommes pas nos pens\u00e9es<\/strong>. Pourtant elles affectent notre humeur et notre sant\u00e9 surtout lorsqu&rsquo;elles sont traumatiques. Certes, il faut en avoir conscience et savoir les observer. Les \u00e9motions nous renseignent sur notre \u00e9tat int\u00e9rieur, des besoins non combl\u00e9s. C&rsquo;est l&rsquo;\u00e9quivalent des voyants lumineux sur un tableau de bord de voiture. Les comprendre et savoir les identifier est crucial pour la ma\u00eetrise de soi. <\/p>\n\n\n\n<div style=\"height:1px\" aria-hidden=\"true\" class=\"wp-block-spacer\"><\/div>\n\n\n\n<div class=\"wp-block-columns is-layout-flex wp-container-core-columns-is-layout-9d6595d7 wp-block-columns-is-layout-flex\">\n<div class=\"wp-block-column is-layout-flow wp-block-column-is-layout-flow\" style=\"flex-basis:66.66%\">\n<h3 class=\"wp-block-heading\">Ce qu&rsquo;il faut retenir<\/h3>\n\n\n\n<p>La psychoth\u00e9rapie pranique est la technique de gu\u00e9rison \u00e9nerg\u00e9tique qui aide et am\u00e9liore l&rsquo;hygi\u00e8ne psychique, \u00e9motionnelle et mentale. C&rsquo;est l&rsquo;utilisation des techniques de la gu\u00e9rison pranique pour traiter les <strong>troubles \u00e9motionnels et mentaux<\/strong>. Elle donne en r\u00e9alit\u00e9 une dimension \u00e9nerg\u00e9tique aux traitements et processus th\u00e9rapeutiques prodigu\u00e9s par les psychoth\u00e9rapeutes et psychologues de la m\u00e9decine conventionnelle.<\/p>\n\n\n\n<p>C&rsquo;est donc un <strong>compl\u00e9ment par excellence<\/strong> de la <strong>psychoth\u00e9rapie<\/strong> classique que tout praticien gagnerait \u00e0 apprendre pour le bien de ses patients. Elle permet \u00e9galement de se d\u00e9faire une bonne fois pour toute des addictions, des phobies et des comportements compulsifs. Gr\u00e2ce \u00e0 la psychoth\u00e9rapie pranique, il est possible de nettoyer un endroit \u00e9th\u00e9riquement sale, toxique ou agressif.<\/p>\n<\/div>\n\n\n\n<div class=\"wp-block-column is-layout-flow wp-block-column-is-layout-flow\" style=\"flex-basis:33.33%\">\n<h3 class=\"has-text-align-center wp-block-heading\">Dur\u00e9e &amp; Tarif<\/h3>\n\n\n\n<p class=\"has-luminous-vivid-amber-color has-very-dark-gray-background-color has-text-color has-background has-normal-font-size\"><meta charset=\"utf-8\"><strong>Dur\u00e9e:<\/strong> Une s\u00e9ance dure environ 45 min ou plus. Compter 2 \u00e0 5 s\u00e9ances selon la pathologie<br><strong>Tarif<\/strong>: 70 \u20ac les 2 s\u00e9ances<\/p>\n\n\n\n<div id=\"paypal-button-container\"><\/div>\n<script src=\"https:\/\/www.paypal.com\/sdk\/js?client-id=Adl8I6lJ1JlTDjDBOGSxpL4cidq8Gm1H2WlT-Hv5cGjYSb89hVNuYNkKekf2Ka2u46cDGVUYyS6nULAV&amp;currency=EUR\" data-sdk-integration-source=\"button-factory\"><\/script>\n<script>\n  paypal.Buttons({\n      style: {\n          shape: 'rect',\n          color: 'gold',\n          layout: 'vertical',\n          label: 'pay',\n          \n      },\n      createOrder: function(data, actions) {\n          return actions.order.create({\n              purchase_units: [{\n                  amount: {\n                      value: '70'\n                  }\n              }]\n          });\n      },\n      onApprove: function(data, actions) {\n          return actions.order.capture().then(function(details) {\n              alert('Transaction completed by ' + details.payer.name.given_name + '!');\n          });\n      }\n  }).render('#paypal-button-container');\n<\/script>\n<\/div>\n<\/div>\n\n\n\n<p><\/p>\n","protected":false},"excerpt":{"rendered":"<p>Qu&rsquo;est-ce que c&rsquo;est ? La psychoth\u00e9rapie pranique est un puissant outil dans le traitement des troubles psychologiques. Technique avanc\u00e9e, elle peut \u00eatre utilis\u00e9e pour traiter les chakras en compl\u00e9ment de la psychologie clinique et la psychiatrie moderne. La psychoth\u00e9rapie pranique permet de traiter les troubles \u00e9motionnels et psychiques gr\u00e2ce au prana ou \u00e9nergie vitale. Chacun &hellip; <\/p>\n","protected":false},"author":2,"featured_media":0,"parent":306,"menu_order":3,"comment_status":"closed","ping_status":"closed","template":"","meta":{"footnotes":""},"class_list":["post-312","page","type-page","status-publish","hentry","latest_post"],"_links":{"self":[{"href":"https:\/\/www.teouty.com\/index.php?rest_route=\/wp\/v2\/pages\/312","targetHints":{"allow":["GET"]}}],"collection":[{"href":"https:\/\/www.teouty.com\/index.php?rest_route=\/wp\/v2\/pages"}],"about":[{"href":"https:\/\/www.teouty.com\/index.php?rest_route=\/wp\/v2\/types\/page"}],"author":[{"embeddable":true,"href":"https:\/\/www.teouty.com\/index.php?rest_route=\/wp\/v2\/users\/2"}],"replies":[{"embeddable":true,"href":"https:\/\/www.teouty.com\/index.php?rest_route=%2Fwp%2Fv2%2Fcomments&post=312"}],"version-history":[{"count":45,"href":"https:\/\/www.teouty.com\/index.php?rest_route=\/wp\/v2\/pages\/312\/revisions"}],"predecessor-version":[{"id":804,"href":"https:\/\/www.teouty.com\/index.php?rest_route=\/wp\/v2\/pages\/312\/revisions\/804"}],"up":[{"embeddable":true,"href":"https:\/\/www.teouty.com\/index.php?rest_route=\/wp\/v2\/pages\/306"}],"wp:attachment":[{"href":"https:\/\/www.teouty.com\/index.php?rest_route=%2Fwp%2Fv2%2Fmedia&parent=312"}],"curies":[{"name":"wp","href":"https:\/\/api.w.org\/{rel}","templated":true}]}}