{"id":310,"date":"2020-06-26T13:33:40","date_gmt":"2020-06-26T11:33:40","guid":{"rendered":"https:\/\/www.teouty.com\/?page_id=310"},"modified":"2022-02-14T17:43:26","modified_gmt":"2022-02-14T16:43:26","slug":"cristallotherapie","status":"publish","type":"page","link":"https:\/\/www.teouty.com\/?page_id=310","title":{"rendered":"Cristalloth\u00e9rapie Pranique"},"content":{"rendered":"\n<h3 class=\"wp-block-heading\">Qu&rsquo;est-ce que c&rsquo;est ?<\/h3>\n\n\n\n<div class=\"wp-block-media-text alignwide is-stacked-on-mobile is-image-fill\" style=\"grid-template-columns:40% auto\"><figure class=\"wp-block-media-text__media\" style=\"background-image:url(https:\/\/www.teouty.com\/wp-content\/uploads\/2020\/06\/natural-3371814_960_720-1.jpg);background-position:50% 50%\"><img decoding=\"async\" src=\"data:image\/gif;base64,R0lGODlhAQABAAAAACH5BAEKAAEALAAAAAABAAEAAAICTAEAOw==\" data-layzr=\"https:\/\/www.teouty.com\/wp-content\/uploads\/2020\/06\/natural-3371814_960_720-1.jpg\" alt=\"\" class=\"wp-image-237 size-full\"\/><\/figure><div class=\"wp-block-media-text__content\">\n<p>La cristalloth\u00e9rapie, c&rsquo;est la science et l&rsquo;art de la gu\u00e9rison par les cristaux. Elle utilise les propri\u00e9t\u00e9s \u00e9nerg\u00e9tiques du cristal, qui devient un instrument de gu\u00e9rison. Utilis\u00e9s pour enlever les \u00e9nergies sales et activer les chakras, les cristaux sont nos alli\u00e9s.<\/p>\n\n\n\n<p>Les cristaux ont la capacit\u00e9 de condenser l&rsquo;\u00e9nergie et de la restituer. Cette capacit\u00e9 permet de concentrer le prana afin de l&rsquo;utiliser pour gu\u00e9rir la zone affect\u00e9e ou r\u00e9\u00e9quilibrer les chakras.<\/p>\n<\/div><\/div>\n\n\n\n<div style=\"height:32px\" aria-hidden=\"true\" class=\"wp-block-spacer\"><\/div>\n\n\n\n<h3 class=\"wp-block-heading\">Comment cela fonctionne ?<\/h3>\n\n\n\n<div class=\"wp-block-columns is-layout-flex wp-container-core-columns-is-layout-9d6595d7 wp-block-columns-is-layout-flex\">\n<div class=\"wp-block-column is-layout-flow wp-block-column-is-layout-flow\">\n<p class=\"has-normal-font-size\">En g\u00e9n\u00e9ral, le gu\u00e9risseur travaille avec des cristaux naturels capables d&rsquo;absorber l&rsquo;\u00e9nergie vitale ou prana et ensuite la restituer. Cette \u00e9nergie est ainsi utilis\u00e9e pour activer les chakras et gu\u00e9rir le corps \u00e9nerg\u00e9tique sur lequel le corps physique est moul\u00e9. <\/p>\n\n\n\n<p>De la m\u00eame fa\u00e7on que le corps physique poss\u00e8de des organes et est parcouru par des vaisseaux sanguins,  le corps \u00e9nerg\u00e9tique aussi poss\u00e8de des centrales d&rsquo;\u00e9nergie appel\u00e9s <strong>chakras<\/strong> et est parcouru par des canaux \u00e9nerg\u00e9tiques appel\u00e9s m\u00e9ridiens ou n\u00e2dis.<\/p>\n\n\n\n<p>Portez-vous une bague sertie de cristaux ? Ou bien un pendentif en cristal ? Connaissez-vous l&rsquo;action de ces cristaux sur votre aura ? N&rsquo;en doutez pas car les cristaux ont une conscience au m\u00eame titre que tout ce qui existe dans la Nature.<\/p>\n<\/div>\n\n\n\n<div class=\"wp-block-column is-layout-flow wp-block-column-is-layout-flow\">\n<figure class=\"wp-block-image size-large\"><img decoding=\"async\" src=\"data:image\/gif;base64,R0lGODlhAQABAAAAACH5BAEKAAEALAAAAAABAAEAAAICTAEAOw==\" data-layzr=\"https:\/\/www.teouty.com\/wp-content\/uploads\/2021\/10\/IMG_2021-1024x680.jpg\" alt=\"\" class=\"wp-image-710\"\/><\/figure>\n<\/div>\n<\/div>\n\n\n\n<div class=\"wp-block-group\"><div class=\"wp-block-group__inner-container is-layout-flow wp-block-group-is-layout-flow\">\n<div class=\"wp-block-columns is-layout-flex wp-container-core-columns-is-layout-9d6595d7 wp-block-columns-is-layout-flex\">\n<div class=\"wp-block-column is-layout-flow wp-block-column-is-layout-flow\" style=\"flex-basis:66.66%\">\n<h3 class=\"wp-block-heading\">Ce qu&rsquo;il faut retenir<\/h3>\n\n\n\n<p>La cristalloth\u00e9rapie utilise les propri\u00e9t\u00e9s des cristaux pour gu\u00e9rir les troubles, nettoyer les parties affect\u00e9es du corps. <\/p>\n\n\n\n<p>Le gu\u00e9risseur pranique utilise \u00e9galement les cristaux pour \u00e9nergiser et activer les chakras qui fonctionnent mal afin de r\u00e9\u00e9quilibrer l&rsquo;\u00e9nergie vitale.<\/p>\n\n\n\n<p>C&rsquo;est un principe similaire qui est utilis\u00e9 en reiki et en acuponcture, \u00e0 la seule diff\u00e9rence qu&rsquo;en acuponcture le praticien utilise des aiguilles. <\/p>\n<\/div>\n\n\n\n<div class=\"wp-block-column is-vertically-aligned-top is-layout-flow wp-block-column-is-layout-flow\" style=\"flex-basis:33.33%\">\n<h3 class=\"has-text-align-left wp-block-heading\">Dur\u00e9e &amp; Tarif<\/h3>\n\n\n\n<p class=\"has-luminous-vivid-amber-color has-very-dark-gray-background-color has-text-color has-background has-normal-font-size\"><strong>Dur\u00e9e:<\/strong> Une s\u00e9ance dure environ 45 min. Compter 2 \u00e0 5 s\u00e9ances selon la pathologie<br><strong>Tarif :<\/strong> 65\u20ac les 2 s\u00e9ances<\/p>\n\n\n\n<div id=\"paypal-button-container\"><\/div>\n<script src=\"https:\/\/www.paypal.com\/sdk\/js?client-id=Adl8I6lJ1JlTDjDBOGSxpL4cidq8Gm1H2WlT-Hv5cGjYSb89hVNuYNkKekf2Ka2u46cDGVUYyS6nULAV&amp;currency=EUR\" data-sdk-integration-source=\"button-factory\"><\/script>\n<script>\n  paypal.Buttons({\n      style: {\n          shape: 'rect',\n          color: 'gold',\n          layout: 'vertical',\n          label: 'pay',\n          \n      },\n      createOrder: function(data, actions) {\n          return actions.order.create({\n              purchase_units: [{\n                  amount: {\n                      value: '65'\n                  }\n              }]\n          });\n      },\n      onApprove: function(data, actions) {\n          return actions.order.capture().then(function(details) {\n              alert('Transaction completed by ' + details.payer.name.given_name + '!');\n          });\n      }\n  }).render('#paypal-button-container');\n<\/script>\n<\/div>\n<\/div>\n<\/div><\/div>\n","protected":false},"excerpt":{"rendered":"<p>Qu&rsquo;est-ce que c&rsquo;est ? La cristalloth\u00e9rapie, c&rsquo;est la science et l&rsquo;art de la gu\u00e9rison par les cristaux. Elle utilise les propri\u00e9t\u00e9s \u00e9nerg\u00e9tiques du cristal, qui devient un instrument de gu\u00e9rison. Utilis\u00e9s pour enlever les \u00e9nergies sales et activer les chakras, les cristaux sont nos alli\u00e9s. Les cristaux ont la capacit\u00e9 de condenser l&rsquo;\u00e9nergie et de &hellip; <\/p>\n","protected":false},"author":2,"featured_media":0,"parent":306,"menu_order":2,"comment_status":"closed","ping_status":"closed","template":"","meta":{"footnotes":""},"class_list":["post-310","page","type-page","status-publish","hentry","latest_post"],"_links":{"self":[{"href":"https:\/\/www.teouty.com\/index.php?rest_route=\/wp\/v2\/pages\/310","targetHints":{"allow":["GET"]}}],"collection":[{"href":"https:\/\/www.teouty.com\/index.php?rest_route=\/wp\/v2\/pages"}],"about":[{"href":"https:\/\/www.teouty.com\/index.php?rest_route=\/wp\/v2\/types\/page"}],"author":[{"embeddable":true,"href":"https:\/\/www.teouty.com\/index.php?rest_route=\/wp\/v2\/users\/2"}],"replies":[{"embeddable":true,"href":"https:\/\/www.teouty.com\/index.php?rest_route=%2Fwp%2Fv2%2Fcomments&post=310"}],"version-history":[{"count":28,"href":"https:\/\/www.teouty.com\/index.php?rest_route=\/wp\/v2\/pages\/310\/revisions"}],"predecessor-version":[{"id":799,"href":"https:\/\/www.teouty.com\/index.php?rest_route=\/wp\/v2\/pages\/310\/revisions\/799"}],"up":[{"embeddable":true,"href":"https:\/\/www.teouty.com\/index.php?rest_route=\/wp\/v2\/pages\/306"}],"wp:attachment":[{"href":"https:\/\/www.teouty.com\/index.php?rest_route=%2Fwp%2Fv2%2Fmedia&parent=310"}],"curies":[{"name":"wp","href":"https:\/\/api.w.org\/{rel}","templated":true}]}}