{"id":308,"date":"2020-06-26T13:33:40","date_gmt":"2020-06-26T11:33:40","guid":{"rendered":"https:\/\/www.teouty.com\/?page_id=308"},"modified":"2022-02-14T17:44:22","modified_gmt":"2022-02-14T16:44:22","slug":"guerison-pranique","status":"publish","type":"page","link":"https:\/\/www.teouty.com\/?page_id=308","title":{"rendered":"Gu\u00e9rison Pranique"},"content":{"rendered":"\n<h3 class=\"wp-block-heading\">Qu&rsquo;est-ce que c&rsquo;est ?<\/h3>\n\n\n\n<p>La gu\u00e9rison pranique ou pranath\u00e9rapie est une technique efficace et puissante de <strong>gu\u00e9rison \u00e9nerg\u00e9tique<\/strong> sans contact. Elle utilise comme son nom l&rsquo;indique le \u00ab\u00a0<strong>prana<\/strong>\u00ab\u00a0, terme sanskrit qui signifie \u00ab\u00a0\u00e9nergie vitale\u00a0\u00bb, \u00ab\u00a0force vitale\u00a0\u00bb (ou le \u00ab\u00a0<em>Ki<\/em>\u00a0\u00bb en Chine, \u00ab\u00a0Chi\u00a0\u00bb au Japon).<\/p>\n\n\n\n<div class=\"wp-block-media-text alignwide is-stacked-on-mobile is-image-fill\"><figure class=\"wp-block-media-text__media\" style=\"background-image:url(https:\/\/www.teouty.com\/wp-content\/uploads\/2020\/05\/hands-4932433_1280-1024x682.jpg);background-position:50% 50%\"><img decoding=\"async\" src=\"data:image\/gif;base64,R0lGODlhAQABAAAAACH5BAEKAAEALAAAAAABAAEAAAICTAEAOw==\" data-layzr=\"https:\/\/www.teouty.com\/wp-content\/uploads\/2020\/05\/hands-4932433_1280-1024x682.jpg\" alt=\"\" class=\"wp-image-87 size-full\"\/><\/figure><div class=\"wp-block-media-text__content\">\n<p><em>C&rsquo;est une science et un art qui offre une gu\u00e9rison naturelle par la <strong>force vitale<\/strong>. <\/em>Elle est utilis\u00e9e pour traiter une multitude de maladies (m\u00eame les plus graves), qu&rsquo;elles soient physiques, \u00e9motionnelles ou psychiques. <\/p>\n\n\n\n<p>Tr\u00e8s ancienne, elle a \u00e9t\u00e9 r\u00e9introduite et rendue accessible \u00e0 tous \u00e0 travers les enseignements \u00e9sot\u00e9riques du Grand M\u00e2itre Choa Kok Sui, fondateur de la gu\u00e9rison pranique moderne.<\/p>\n<\/div><\/div>\n\n\n\n<div style=\"height:32px\" aria-hidden=\"true\" class=\"wp-block-spacer\"><\/div>\n\n\n\n<h3 class=\"wp-block-heading\">Comment cela fonctionne ?<\/h3>\n\n\n\n<div class=\"wp-block-columns is-layout-flex wp-container-core-columns-is-layout-9d6595d7 wp-block-columns-is-layout-flex\">\n<div class=\"wp-block-column is-layout-flow wp-block-column-is-layout-flow\">\n<p>La gu\u00e9rison pranique s&rsquo;appuie sur la <strong>capacit\u00e9<\/strong> <strong>inn\u00e9e<\/strong> qu&rsquo;\u00e0 notre corps physique \u00e0 se gu\u00e9rir en lui apportant l&rsquo;\u00e9nergie vitale n\u00e9cessaire qui aide et acc\u00e9l\u00e8re le m\u00e9canisme de gu\u00e9rison.<\/p>\n\n\n\n<p class=\"has-normal-font-size\">En g\u00e9n\u00e9ral, ce qui affecte le corps physique visible trouve son origine dans un plan plus subtil, invisible aux non clairvoyants. Notre corps physique poss\u00e8de en r\u00e9alit\u00e9 son double \u00e9th\u00e9rique appel\u00e9 \u00ab\u00a0<strong>corps \u00e9nerg\u00e9tique<\/strong>\u00a0\u00bb sur lequel le corps physique est moul\u00e9. <\/p>\n\n\n\n<p>De la m\u00eame fa\u00e7on que le corps physique poss\u00e8de des organes et est parcouru par des vaisseaux sanguins,  le corps \u00e9nerg\u00e9tique poss\u00e8de des centrales d&rsquo;\u00e9nergie appel\u00e9es <strong>chakras<\/strong> et est parcouru par des canaux \u00e9nerg\u00e9tiques appel\u00e9s m\u00e9ridiens ou n\u00e2dis. <\/p>\n\n\n\n<p>Le prana ou Ki circule dans les m\u00e9ridiens irriguant tout le corps et donnant de l&rsquo;\u00e9nergie au corps physique, ce qui le maintient en vie et en bonne sant\u00e9.<\/p>\n<\/div>\n\n\n\n<div class=\"wp-block-column is-layout-flow wp-block-column-is-layout-flow\">\n<figure class=\"wp-block-image size-large\"><img decoding=\"async\" src=\"data:image\/gif;base64,R0lGODlhAQABAAAAACH5BAEKAAEALAAAAAABAAEAAAICTAEAOw==\" data-layzr=\"https:\/\/www.teouty.com\/wp-content\/uploads\/2020\/06\/energy-healing-3182787_640.jpg\" alt=\"\" class=\"wp-image-226\"\/><\/figure>\n<\/div>\n<\/div>\n\n\n\n<p>Le prana se trouve dans les aliments, l&rsquo;eau, l&rsquo;air, la terre et les rayons solaires. Par l&rsquo;action du corps \u00e9nerg\u00e9tique, le prana est absorb\u00e9 et mis \u00e0 disposition du corps physique. <strong>Ce qui affecte le corps \u00e9nerg\u00e9tique affecte \u00e9galement le corps physique et r\u00e9ciproquement<\/strong>: c&rsquo;est son double.<\/p>\n\n\n\n<div style=\"height:22px\" aria-hidden=\"true\" class=\"wp-block-spacer\"><\/div>\n\n\n\n<div class=\"wp-block-columns is-layout-flex wp-container-core-columns-is-layout-9d6595d7 wp-block-columns-is-layout-flex\">\n<div class=\"wp-block-column is-layout-flow wp-block-column-is-layout-flow\" style=\"flex-basis:66.66%\">\n<h3 class=\"wp-block-heading\">Ce qu&rsquo;il faut retenir<\/h3>\n\n\n\n<p>La gu\u00e9rison pranique traite les troubles et les <strong>\u00e9nergies sales<\/strong> du coprs \u00e9therique qui finissent par se mat\u00e9rialiser et affecter le corps physique sous forme de maladies.<\/p>\n\n\n\n<p>Le gu\u00e9risseur pranique s&rsquo;occupe du corps \u00e9nerg\u00e9tique afin de traiter l&rsquo;origine subtil des maux. Nettoyer ces \u00e9nergies sales puis \u00e9nergiser les parties affect\u00e9es avec du prana renouvel\u00e9 qui aide le corps physique \u00e0 se r\u00e9tablir trois fois plus vite, parfois de mani\u00e8re spectaculaire sinon miraculeuse.<\/p>\n\n\n\n<p>C&rsquo;est un principe similaire qui est utilis\u00e9 en reiki et en acuponcture, \u00e0 la seule diff\u00e9rence qu&rsquo;en acuponcture le praticien utilise des aiguilles pour manipuler le prana \u00e0 l&rsquo;int\u00e9rieur du corps physique via les m\u00e9ridiens. <\/p>\n<\/div>\n\n\n\n<div class=\"wp-block-column is-layout-flow wp-block-column-is-layout-flow\" style=\"flex-basis:33.33%\">\n<h3 class=\"has-text-align-center wp-block-heading\">Dur\u00e9e &amp; Tarif<\/h3>\n\n\n\n<p class=\"has-luminous-vivid-amber-color has-very-dark-gray-background-color has-text-color has-background has-normal-font-size\"><meta charset=\"utf-8\"><strong>Dur\u00e9e:<\/strong> Une s\u00e9ance dure environ 45 min. Compter 3 \u00e0 5 s\u00e9ances selon la pathologie <br><strong>Tarif<\/strong> : 55 \u20ac les 3 s\u00e9ances<\/p>\n\n\n\n<div id=\"paypal-button-container\"><\/div>\n<script src=\"https:\/\/www.paypal.com\/sdk\/js?client-id=Adl8I6lJ1JlTDjDBOGSxpL4cidq8Gm1H2WlT-Hv5cGjYSb89hVNuYNkKekf2Ka2u46cDGVUYyS6nULAV&amp;currency=EUR\" data-sdk-integration-source=\"button-factory\"><\/script>\n<script>\n  paypal.Buttons({\n      style: {\n          shape: 'rect',\n          color: 'gold',\n          layout: 'vertical',\n          label: 'pay',\n          \n      },\n      createOrder: function(data, actions) {\n          return actions.order.create({\n              purchase_units: [{\n                  amount: {\n                      value: '55'\n                  }\n              }]\n          });\n      },\n      onApprove: function(data, actions) {\n          return actions.order.capture().then(function(details) {\n              alert('Transaction completed by ' + details.payer.name.given_name + '!');\n          });\n      }\n  }).render('#paypal-button-container');\n<\/script>\n<\/div>\n<\/div>\n","protected":false},"excerpt":{"rendered":"<p>Qu&rsquo;est-ce que c&rsquo;est ? La gu\u00e9rison pranique ou pranath\u00e9rapie est une technique efficace et puissante de gu\u00e9rison \u00e9nerg\u00e9tique sans contact. Elle utilise comme son nom l&rsquo;indique le \u00ab\u00a0prana\u00ab\u00a0, terme sanskrit qui signifie \u00ab\u00a0\u00e9nergie vitale\u00a0\u00bb, \u00ab\u00a0force vitale\u00a0\u00bb (ou le \u00ab\u00a0Ki\u00a0\u00bb en Chine, \u00ab\u00a0Chi\u00a0\u00bb au Japon). C&rsquo;est une science et un art qui offre une gu\u00e9rison naturelle &hellip; <\/p>\n","protected":false},"author":2,"featured_media":0,"parent":306,"menu_order":1,"comment_status":"closed","ping_status":"closed","template":"","meta":{"footnotes":""},"class_list":["post-308","page","type-page","status-publish","hentry","latest_post"],"_links":{"self":[{"href":"https:\/\/www.teouty.com\/index.php?rest_route=\/wp\/v2\/pages\/308","targetHints":{"allow":["GET"]}}],"collection":[{"href":"https:\/\/www.teouty.com\/index.php?rest_route=\/wp\/v2\/pages"}],"about":[{"href":"https:\/\/www.teouty.com\/index.php?rest_route=\/wp\/v2\/types\/page"}],"author":[{"embeddable":true,"href":"https:\/\/www.teouty.com\/index.php?rest_route=\/wp\/v2\/users\/2"}],"replies":[{"embeddable":true,"href":"https:\/\/www.teouty.com\/index.php?rest_route=%2Fwp%2Fv2%2Fcomments&post=308"}],"version-history":[{"count":73,"href":"https:\/\/www.teouty.com\/index.php?rest_route=\/wp\/v2\/pages\/308\/revisions"}],"predecessor-version":[{"id":800,"href":"https:\/\/www.teouty.com\/index.php?rest_route=\/wp\/v2\/pages\/308\/revisions\/800"}],"up":[{"embeddable":true,"href":"https:\/\/www.teouty.com\/index.php?rest_route=\/wp\/v2\/pages\/306"}],"wp:attachment":[{"href":"https:\/\/www.teouty.com\/index.php?rest_route=%2Fwp%2Fv2%2Fmedia&parent=308"}],"curies":[{"name":"wp","href":"https:\/\/api.w.org\/{rel}","templated":true}]}}