{"id":115,"date":"2020-05-26T18:55:54","date_gmt":"2020-05-26T16:55:54","guid":{"rendered":"http:\/\/www.teouty.com\/?page_id=115"},"modified":"2021-10-02T00:22:09","modified_gmt":"2021-10-01T22:22:09","slug":"notice-aux-publics","status":"publish","type":"page","link":"https:\/\/www.teouty.com\/?page_id=115","title":{"rendered":"Notice aux publics"},"content":{"rendered":"\n<p class=\"has-text-align-center has-medium-font-size\">Veuillez prendre connaissance de la notice ci-dessous. Elle guide tout gu\u00e9risseur pranique dans ses prestations. C&rsquo;est notre charte d\u00e9ontologique et nous la respectons scrupuleusement. R\u00e9aliser la gu\u00e9rision pranique n&rsquo;est pas un exercice ill\u00e9gal de la m\u00e9decine.<\/p>\n\n\n\n<div class=\"wp-block-group\"><div class=\"wp-block-group__inner-container is-layout-flow wp-block-group-is-layout-flow\">\n<div class=\"wp-block-group\"><div class=\"wp-block-group__inner-container is-layout-flow wp-block-group-is-layout-flow\">\n<div class=\"wp-block-group\"><div class=\"wp-block-group__inner-container is-layout-flow wp-block-group-is-layout-flow\">\n<blockquote class=\"wp-block-quote is-style-default is-layout-flow wp-block-quote-is-layout-flow\"><p>La Gu\u00e9rison Pranique n&rsquo;a pas pour objectif de remplacer la m\u00e9decine moderne, mais plut\u00f4t de la compl\u00e9ter. <\/p><p>Les Gu\u00e9risseurs Praniques ne sont des M\u00e9decins mais les M\u00e9decins peuvent \u00eatre des Gu\u00e9risseurs Praniques.<\/p><p>Les Gu\u00e9risseurs Praniques ne sont ni autoris\u00e9s ni comp\u00e9tents pour poser de diagnostic m\u00e9dical.<\/p><p>Les Gu\u00e9risseurs Praniques ne sont ni autoris\u00e9s ni comp\u00e9tents pour prescrire de m\u00e9dicaments et\/ou des traitements m\u00e9dicaux. <\/p><p>Les Gu\u00e9risseurs Praniques ne devraient pas interf\u00e9rer avec les avis m\u00e9dicaux, m\u00e9dicaments prescrits et\/ou les traitements m\u00e9dicaux.<\/p><p>Il est strictement interdit aux gu\u00e9risseurs praniques tout contact physique inutile et ind\u00e9sirable avec le corps du patient de quelque mani\u00e8re que ce soit.<\/p><p>Il est conseill\u00e9 aux gu\u00e9risseurs praniques, dans la mesure du possible, de donner leur s\u00e9ance dans une pi\u00e8ce a\u00e9r\u00e9e et \u00e0 d\u00e9faut, d&rsquo;intervenir \u00e0 distance<\/p><p>Si les sympt\u00f4mes persistent ou si la maladie est grave contactez imm\u00e9diatement un M\u00e9decin.<\/p><\/blockquote>\n<\/div><\/div>\n<\/div><\/div>\n\n\n\n<div class=\"wp-block-group\"><div class=\"wp-block-group__inner-container is-layout-flow wp-block-group-is-layout-flow\">\n<p class=\"has-text-align-right\"><em>Grand Master Choa Kok Sui, fondateur de la Gu\u00e9rison Pranique Moderne<\/em>.<\/p>\n<\/div><\/div>\n<\/div><\/div>\n","protected":false},"excerpt":{"rendered":"<p>La Gu\u00e9rison Pranique ne remplace pas la m\u00e9decine moderne, mais plut\u00f4t elle la compl\u00e8te. Le gu\u00e9risseur pranique n&rsquo;est pas un m\u00e9decin. Mais un m\u00e9decin peut \u00eatre un gu\u00e9risseur pranique. <\/p>\n<p>Les prestations propos\u00e9es n&rsquo;ont donc pas pour objectif de remplacer un traitement ni un avis m\u00e9dical. <\/p>\n<p>Pour plus d&rsquo;informations sur les diff\u00e9rentes techniques, n&rsquo;h\u00e9sitez pas \u00e0 me contacter \u00e0 l&rsquo;aide du formulaire de contact, par email ou directement par t\u00e9l\u00e9phone. <\/p>\n","protected":false},"author":2,"featured_media":232,"parent":0,"menu_order":2,"comment_status":"closed","ping_status":"closed","template":"","meta":{"footnotes":""},"class_list":["post-115","page","type-page","status-publish","has-post-thumbnail","hentry","latest_post"],"_links":{"self":[{"href":"https:\/\/www.teouty.com\/index.php?rest_route=\/wp\/v2\/pages\/115","targetHints":{"allow":["GET"]}}],"collection":[{"href":"https:\/\/www.teouty.com\/index.php?rest_route=\/wp\/v2\/pages"}],"about":[{"href":"https:\/\/www.teouty.com\/index.php?rest_route=\/wp\/v2\/types\/page"}],"author":[{"embeddable":true,"href":"https:\/\/www.teouty.com\/index.php?rest_route=\/wp\/v2\/users\/2"}],"replies":[{"embeddable":true,"href":"https:\/\/www.teouty.com\/index.php?rest_route=%2Fwp%2Fv2%2Fcomments&post=115"}],"version-history":[{"count":27,"href":"https:\/\/www.teouty.com\/index.php?rest_route=\/wp\/v2\/pages\/115\/revisions"}],"predecessor-version":[{"id":748,"href":"https:\/\/www.teouty.com\/index.php?rest_route=\/wp\/v2\/pages\/115\/revisions\/748"}],"wp:featuredmedia":[{"embeddable":true,"href":"https:\/\/www.teouty.com\/index.php?rest_route=\/wp\/v2\/media\/232"}],"wp:attachment":[{"href":"https:\/\/www.teouty.com\/index.php?rest_route=%2Fwp%2Fv2%2Fmedia&parent=115"}],"curies":[{"name":"wp","href":"https:\/\/api.w.org\/{rel}","templated":true}]}}